{"id":1151,"date":"2020-10-21T11:54:41","date_gmt":"2020-10-21T09:54:41","guid":{"rendered":"https:\/\/192.168.10.188\/a-propos\/"},"modified":"2024-01-17T16:26:15","modified_gmt":"2024-01-17T15:26:15","slug":"a-propos","status":"publish","type":"page","link":"https:\/\/bloomppm.com\/fr\/a-propos\/","title":{"rendered":"A propos"},"content":{"rendered":"\t\t<div data-elementor-type=\"wp-page\" data-elementor-id=\"1151\" class=\"elementor elementor-1151 elementor-61\" data-elementor-post-type=\"page\">\n\t\t\t\t\t\t<section class=\"elementor-section elementor-top-section elementor-element elementor-element-c8d9fc6 elementor-section-boxed elementor-section-height-default elementor-section-height-default elementor-invisible\" data-id=\"c8d9fc6\" data-element_type=\"section\" data-e-type=\"section\" data-settings=\"{&quot;background_background&quot;:&quot;classic&quot;,&quot;animation&quot;:&quot;fadeInLeft&quot;,&quot;background_motion_fx_motion_fx_scrolling&quot;:&quot;yes&quot;,&quot;background_motion_fx_devices&quot;:[&quot;desktop&quot;,&quot;tablet&quot;,&quot;mobile&quot;]}\">\n\t\t\t\t\t\t\t<div class=\"elementor-background-overlay\"><\/div>\n\t\t\t\t\t\t\t<div class=\"elementor-container elementor-column-gap-default\">\n\t\t\t\t\t<div class=\"elementor-column elementor-col-100 elementor-top-column elementor-element elementor-element-69a6e8a\" data-id=\"69a6e8a\" data-element_type=\"column\" data-e-type=\"column\">\n\t\t\t<div class=\"elementor-widget-wrap elementor-element-populated\">\n\t\t\t\t\t\t<section class=\"elementor-section elementor-inner-section elementor-element elementor-element-3fc8ed3 elementor-section-boxed elementor-section-height-default elementor-section-height-default\" data-id=\"3fc8ed3\" data-element_type=\"section\" data-e-type=\"section\">\n\t\t\t\t\t\t<div class=\"elementor-container elementor-column-gap-default\">\n\t\t\t\t\t<div class=\"elementor-column elementor-col-100 elementor-inner-column elementor-element elementor-element-8c02dbb\" data-id=\"8c02dbb\" data-element_type=\"column\" data-e-type=\"column\">\n\t\t\t<div class=\"elementor-widget-wrap elementor-element-populated\">\n\t\t\t\t\t\t<div class=\"elementor-element elementor-element-78af3b9 elementor-widget elementor-widget-heading\" data-id=\"78af3b9\" data-element_type=\"widget\" data-e-type=\"widget\" data-widget_type=\"heading.default\">\n\t\t\t\t<div class=\"elementor-widget-container\">\n\t\t\t\t\t<h1 class=\"elementor-heading-title elementor-size-default\">A propos<\/h1>\t\t\t\t<\/div>\n\t\t\t\t<\/div>\n\t\t\t\t\t<\/div>\n\t\t<\/div>\n\t\t\t\t\t<\/div>\n\t\t<\/section>\n\t\t\t\t\t<\/div>\n\t\t<\/div>\n\t\t\t\t\t<\/div>\n\t\t<\/section>\n\t\t\t\t<section class=\"elementor-section elementor-top-section elementor-element elementor-element-a78693a elementor-section-boxed elementor-section-height-default elementor-section-height-default\" data-id=\"a78693a\" data-element_type=\"section\" data-e-type=\"section\" data-settings=\"{&quot;background_background&quot;:&quot;classic&quot;}\">\n\t\t\t\t\t\t\t<div class=\"elementor-background-overlay\"><\/div>\n\t\t\t\t\t\t\t<div class=\"elementor-container elementor-column-gap-default\">\n\t\t\t\t\t<div class=\"elementor-column elementor-col-100 elementor-top-column elementor-element elementor-element-389377e\" data-id=\"389377e\" data-element_type=\"column\" data-e-type=\"column\">\n\t\t\t<div class=\"elementor-widget-wrap elementor-element-populated\">\n\t\t\t\t\t\t<div class=\"elementor-element elementor-element-bdc9270 elementor-widget elementor-widget-text-editor\" data-id=\"bdc9270\" data-element_type=\"widget\" data-e-type=\"widget\" data-widget_type=\"text-editor.default\">\n\t\t\t\t<div class=\"elementor-widget-container\">\n\t\t\t\t\t\t\t\t\t<p style=\"text-align: center;\"><span style=\"color: #1c2d49;\">A propos de l&rsquo;entreprise et de ses dirigeants.<\/span><\/p>\n\t\t\t\t\t\t\t\t<\/div>\n\t\t\t\t<\/div>\n\t\t\t\t<div class=\"elementor-element elementor-element-579cd0b elementor-widget elementor-widget-heading\" data-id=\"579cd0b\" data-element_type=\"widget\" data-e-type=\"widget\" data-widget_type=\"heading.default\">\n\t\t\t\t<div class=\"elementor-widget-container\">\n\t\t\t\t\t<h2 class=\"elementor-heading-title elementor-size-default\">Qui sommes nous ?<\/h2>\t\t\t\t<\/div>\n\t\t\t\t<\/div>\n\t\t\t\t<div class=\"elementor-element elementor-element-d2ce92b eael-infobox-content-align--left animated-slow elementor-invisible elementor-widget elementor-widget-eael-info-box\" data-id=\"d2ce92b\" data-element_type=\"widget\" data-e-type=\"widget\" data-settings=\"{&quot;_animation&quot;:&quot;fadeIn&quot;}\" data-widget_type=\"eael-info-box.default\">\n\t\t\t\t<div class=\"elementor-widget-container\">\n\t\t\t\t\t        <div class=\"eael-infobox icon-on-top\">\n\t            <div class=\"infobox-content\">\n                    <div class=\"infobox-title-section\">\n                <p class=\"title\">Nous sommes BLOOM PPM, un cabinet de conseil en informatique lyonnais innovant.<\/p>            <\/div>\n            <div><p>Notre travail principal tourne autour des services Planisware, des solutions DevOps ainsi que du d\u00e9veloppement de vos infrastructures. Bien que notre travail consiste \u00e0 cr\u00e9er des solutions informatiques pour vos besoins, nous consid\u00e9rons que notre mission principale est de faire grandir les gens impliqu\u00e9s sur de tels projets. Il peut s\u2019agir de plusieurs choses. Par exemple migrer votre installation Planisware vers la version la plus r\u00e9cente, de cr\u00e9er de nouveaux liens de donn\u00e9es pour vos op\u00e9rations DevOps ou de former vos utilisateurs. Nous souhaitons avant tout que vous et vos employ\u00e9s soyez en mesure de prendre les choses en main en travaillant ensemble. Plus important encore en partageant nos connaissances et nos pratiques pour maitriser votre solution.<\/p><p>En r\u00e9sum\u00e9, Nous sommes un tas d\u2019esprits cr\u00e9atifs, pr\u00eats \u00e0 s\u2019attaquer \u00e0 tous les probl\u00e8mes \u00e0 venir pour faire fleurir vos projets.<\/p><\/div>        <\/div>\n            <\/div>\n\n\t\t\t\t\t\t<\/div>\n\t\t\t\t<\/div>\n\t\t\t\t\t<\/div>\n\t\t<\/div>\n\t\t\t\t\t<\/div>\n\t\t<\/section>\n\t\t\t\t<section class=\"elementor-section elementor-top-section elementor-element elementor-element-b68f71d elementor-section-boxed elementor-section-height-default elementor-section-height-default\" data-id=\"b68f71d\" data-element_type=\"section\" data-e-type=\"section\" data-settings=\"{&quot;background_background&quot;:&quot;classic&quot;}\">\n\t\t\t\t\t\t<div class=\"elementor-container elementor-column-gap-extended\">\n\t\t\t\t\t<div class=\"elementor-column elementor-col-100 elementor-top-column elementor-element elementor-element-29e2e3c\" data-id=\"29e2e3c\" data-element_type=\"column\" data-e-type=\"column\">\n\t\t\t<div class=\"elementor-widget-wrap elementor-element-populated\">\n\t\t\t\t\t\t<div class=\"elementor-element elementor-element-9cad389 elementor-widget elementor-widget-heading\" data-id=\"9cad389\" data-element_type=\"widget\" data-e-type=\"widget\" data-widget_type=\"heading.default\">\n\t\t\t\t<div class=\"elementor-widget-container\">\n\t\t\t\t\t<h2 class=\"elementor-heading-title elementor-size-default\">Nos dirigeants<\/h2>\t\t\t\t<\/div>\n\t\t\t\t<\/div>\n\t\t\t\t<section class=\"elementor-section elementor-inner-section elementor-element elementor-element-97819c2 elementor-section-boxed elementor-section-height-default elementor-section-height-default\" data-id=\"97819c2\" data-element_type=\"section\" data-e-type=\"section\">\n\t\t\t\t\t\t<div class=\"elementor-container elementor-column-gap-default\">\n\t\t\t\t\t<div class=\"elementor-column elementor-col-50 elementor-inner-column elementor-element elementor-element-a67c989\" data-id=\"a67c989\" data-element_type=\"column\" data-e-type=\"column\">\n\t\t\t<div class=\"elementor-widget-wrap elementor-element-populated\">\n\t\t\t\t\t\t<div class=\"elementor-element elementor-element-8debb44 eael-team-align-centered elementor-invisible elementor-widget elementor-widget-eael-team-member\" data-id=\"8debb44\" data-element_type=\"widget\" data-e-type=\"widget\" data-settings=\"{&quot;_animation&quot;:&quot;fadeInLeft&quot;}\" data-widget_type=\"eael-team-member.default\">\n\t\t\t\t<div class=\"elementor-widget-container\">\n\t\t\t\t\t\n\n\t<div id=\"eael-team-member-8debb44\" class=\"eael-team-item eael-team-members-simple \">\n\t\t<div class=\"eael-team-item-inner\">\n\t\t\t<div class=\"eael-team-image\">\n\t\t\t\t<figure>\n\t\t\t\t\t\t\t\t\t\t<img decoding=\"async\" src=\"https:\/\/bloomppm.com\/wp-content\/uploads\/2021\/05\/thibault_gonin.jpg\" alt=\"about Thibault Gonin\">\n\t\t\t\t\t\t\t\t\t<\/figure>\n\t\t\t\t\n\t\t\t\t\n\t\t\t<\/div>\n\n\t\t\t<div class=\"eael-team-content\">\n\t\t\t\t<h2 class=\"eael-team-member-name\">Thibault Gonin<\/h2><h3 class=\"eael-team-member-position\">CEO<\/h3>\n\t\t\t\t\t\t\t\t\t\t\t\t\t\t\t<ul class=\"eael-team-member-social-profiles\">\n\t\t\t\t\t\t\t\t\t\t\t\t\t\t\t\t\t\t\t\t\t\t\t\t\t\t\t\t\t\t\t\t\t\t\t\t\t\t\t\t\t<li class=\"eael-team-member-social-link\">\n\t\t\t\t\t\t\t\t\t\t<a href=\"https:\/\/www.linkedin.com\/in\/thibaultgonin\/\" target=\"_blank\">\n\t\t\t\t\t\t\t\t\t\t\t\t\t\t\t\t\t\t\t\t\t\t\t<i aria-hidden=\"true\" class=\"fab fa-linkedin\"><\/i>\t\t\t\t\t\t\t\t\t\t\t\t\t\t\t\t\t\t\t\t\t<\/a>\n\t\t\t\t\t\t\t\t\t<\/li>\n\t\t\t\t\t\t\t\t\t\t\t\t\t\t\t\t\t\t\t\t\t<\/ul>\n\t\t\t\t\t\t\t\t\t\t<p class=\"eael-team-text\"><\/p>\n\t\t\t\t\t\t\t<\/div>\n\t\t<\/div>\n\t<\/div>\n\t\t\t\t\t<\/div>\n\t\t\t\t<\/div>\n\t\t\t\t\t<\/div>\n\t\t<\/div>\n\t\t\t\t<div class=\"elementor-column elementor-col-50 elementor-inner-column elementor-element elementor-element-49023af\" data-id=\"49023af\" data-element_type=\"column\" data-e-type=\"column\">\n\t\t\t<div class=\"elementor-widget-wrap elementor-element-populated\">\n\t\t\t\t\t\t<div class=\"elementor-element elementor-element-36882721 eael-team-align-centered elementor-invisible elementor-widget elementor-widget-eael-team-member\" data-id=\"36882721\" data-element_type=\"widget\" data-e-type=\"widget\" data-settings=\"{&quot;_animation&quot;:&quot;fadeInDown&quot;}\" data-widget_type=\"eael-team-member.default\">\n\t\t\t\t<div class=\"elementor-widget-container\">\n\t\t\t\t\t\n\n\t<div id=\"eael-team-member-36882721\" class=\"eael-team-item eael-team-members-simple \">\n\t\t<div class=\"eael-team-item-inner\">\n\t\t\t<div class=\"eael-team-image\">\n\t\t\t\t<figure>\n\t\t\t\t\t\t\t\t\t\t<img decoding=\"async\" src=\"https:\/\/bloomppm.com\/wp-content\/uploads\/2021\/05\/laurent-sallerin_about-1.jpg\" alt=\"About Laurent Sallerin\">\n\t\t\t\t\t\t\t\t\t<\/figure>\n\t\t\t\t\n\t\t\t\t\n\t\t\t<\/div>\n\n\t\t\t<div class=\"eael-team-content\">\n\t\t\t\t<h2 class=\"eael-team-member-name\">Laurent Sallerin<\/h2><h3 class=\"eael-team-member-position\">CEO<\/h3>\n\t\t\t\t\t\t\t\t\t\t\t\t\t\t\t<ul class=\"eael-team-member-social-profiles\">\n\t\t\t\t\t\t\t\t\t\t\t\t\t\t\t\t\t\t\t\t\t\t\t\t\t\t\t\t\t\t\t\t\t\t\t\t\t\t\t\t\t<li class=\"eael-team-member-social-link\">\n\t\t\t\t\t\t\t\t\t\t<a href=\"https:\/\/www.linkedin.com\/in\/laurent-sallerin-568a6922\/\" target=\"_blank\">\n\t\t\t\t\t\t\t\t\t\t\t\t\t\t\t\t\t\t\t\t\t\t\t<i aria-hidden=\"true\" class=\"fab fa-linkedin\"><\/i>\t\t\t\t\t\t\t\t\t\t\t\t\t\t\t\t\t\t\t\t\t<\/a>\n\t\t\t\t\t\t\t\t\t<\/li>\n\t\t\t\t\t\t\t\t\t\t\t\t\t\t\t\t\t\t\t\t\t<\/ul>\n\t\t\t\t\t\t\t\t\t\t<p class=\"eael-team-text\"><\/p>\n\t\t\t\t\t\t\t<\/div>\n\t\t<\/div>\n\t<\/div>\n\t\t\t\t\t<\/div>\n\t\t\t\t<\/div>\n\t\t\t\t\t<\/div>\n\t\t<\/div>\n\t\t\t\t\t<\/div>\n\t\t<\/section>\n\t\t\t\t<div class=\"elementor-element elementor-element-1ac9a30 animated-fast elementor-invisible elementor-widget elementor-widget-eael-testimonial\" data-id=\"1ac9a30\" data-element_type=\"widget\" data-e-type=\"widget\" data-settings=\"{&quot;_animation&quot;:&quot;slideInUp&quot;}\" data-widget_type=\"eael-testimonial.default\">\n\t\t\t\t<div class=\"elementor-widget-container\">\n\t\t\t\t\t\n\t<div id=\"eael-testimonial-1ac9a30\" class=\"eael-testimonial-item clearfix  default-style\">\n\t\t\t\t\n\t\t\n\t\t\t\t\t\t\t\t<div class=\"eael-testimonial-content\">\n\t\t\t\t<div class=\"eael-testimonial-text\"><p>&nbsp;<\/p>\n<p>Notre mission est d\u2019apporter le meilleur des <a href=\"https:\/\/bloomppm.com\/fr\/home\/services\/\">solutions PPM<\/a> \u00e0 nos clients et de s\u2019assurer qu\u2019il prend en charge efficacement leurs processus d\u2019affaires. En d\u2019autres termes, profitez de tous les avantages des solutions PPM (pour la gestion de projet, la gestion des risques, la gestion des ressources, la gestion de portefeuille\u2026). De m\u00eame, nous g\u00e9rons la complexit\u00e9 informatique et vous soutenons, en fonction de vos d\u00e9fi actuel (mise en \u0153uvre, coaching, formation, PMO\u2026).<\/p>\n<p>Chez Bloom PPM, nos services s\u2019appuient sur une large expertise des outils et pratiques PPM et de l\u2019int\u00e9gration informatique, le tout soutenu par une \u00e9quipe engag\u00e9e et soucieuse du service.<\/p>\n<p>Dans le m\u00eame temps, nous pensons que pour que nos clients soient satisfaits de nos services, nous devons constamment travailler sur la progression des personnes et le d\u00e9veloppement de leurs comp\u00e9tences en mati\u00e8re de r\u00e9solution de probl\u00e8mes. C\u2019est la meilleure fa\u00e7on de vous apporter de l\u2019innovation et des solutions concr\u00e8tes aux enjeux de votre entreprise.<\/p>\n<p>La rapidit\u00e9 d\u2019action est \u00e9galement essentielle pour faire face aux changements de votre entreprise. C\u2019est pourquoi nous am\u00e9liorons constamment nos services pour vous offrir des prestations rapides et de qualit\u00e9 \u00e0 un prix avantageux. Faites fleurir votre entreprise avec Bloom PPM !<\/p>\n<\/div><p class=\"eael-testimonial-user\" style=\"display: block; float: none;\">Thibault Gonin et Laurent Sallerin<\/p><p class=\"eael-testimonial-user-company\">BLOOM PPM<\/p>\t\t\t<\/div>\n\t\t\n\t\t\n\t\t\n\t\t\n\t\t\n\t\t\n\t\t<span class=\"eael-testimonial-quote\"><\/span>\n\t<\/div>\n\n\t\t\t\t\t<\/div>\n\t\t\t\t<\/div>\n\t\t\t\t\t<\/div>\n\t\t<\/div>\n\t\t\t\t\t<\/div>\n\t\t<\/section>\n\t\t\t\t<\/div>\n\t\t","protected":false},"excerpt":{"rendered":"<p>A propos A propos de l&rsquo;entreprise et de ses dirigeants. Qui sommes nous ? Nous sommes BLOOM PPM, un cabinet de conseil en informatique lyonnais innovant. Notre travail principal tourne autour des services Planisware, des solutions DevOps ainsi que du d\u00e9veloppement de vos infrastructures. Bien que notre travail consiste \u00e0 cr\u00e9er des solutions informatiques pour&hellip;&nbsp;<a href=\"https:\/\/bloomppm.com\/fr\/a-propos\/\" rel=\"bookmark\">Lire la suite &raquo;<span class=\"screen-reader-text\">A propos<\/span><\/a><\/p>\n","protected":false},"author":3,"featured_media":0,"parent":0,"menu_order":0,"comment_status":"closed","ping_status":"closed","template":"page-templates\/template-pagebuilder-full-width.php","meta":{"neve_meta_sidebar":"full-width","neve_meta_container":"","neve_meta_enable_content_width":"on","neve_meta_content_width":100,"neve_meta_title_alignment":"","neve_meta_author_avatar":"","neve_post_elements_order":"","neve_meta_disable_header":"","neve_meta_disable_footer":"","neve_meta_disable_title":"on","_themeisle_gutenberg_block_has_review":false,"cybocfi_hide_featured_image":"","footnotes":""},"class_list":["post-1151","page","type-page","status-publish","hentry"],"yoast_head":"<!-- This site is optimized with the Yoast SEO Premium plugin v26.3 (Yoast SEO v27.3) - https:\/\/yoast.com\/product\/yoast-seo-premium-wordpress\/ -->\n<title>A propos - BLOOM PPM<\/title>\n<meta name=\"description\" content=\"A propos - Nous sommes Bloom PPM, un cabinet de conseil en informatique lyonnais. Notre travail principal tourne autour des services Planisware.\" \/>\n<meta name=\"robots\" content=\"index, follow, max-snippet:-1, max-image-preview:large, max-video-preview:-1\" \/>\n<link rel=\"canonical\" href=\"https:\/\/bloomppm.com\/fr\/a-propos\/\" \/>\n<script type=\"application\/ld+json\" class=\"yoast-schema-graph\">{\"@context\":\"https:\\\/\\\/schema.org\",\"@graph\":[{\"@type\":\"WebPage\",\"@id\":\"https:\\\/\\\/bloomppm.com\\\/fr\\\/a-propos\\\/\",\"url\":\"https:\\\/\\\/bloomppm.com\\\/fr\\\/a-propos\\\/\",\"name\":\"A propos - BLOOM PPM\",\"isPartOf\":{\"@id\":\"https:\\\/\\\/bloomppm.com\\\/fr\\\/#website\"},\"primaryImageOfPage\":{\"@id\":\"https:\\\/\\\/bloomppm.com\\\/fr\\\/a-propos\\\/#primaryimage\"},\"image\":{\"@id\":\"https:\\\/\\\/bloomppm.com\\\/fr\\\/a-propos\\\/#primaryimage\"},\"thumbnailUrl\":\"http:\\\/\\\/bloomppm.com\\\/wp-content\\\/uploads\\\/2021\\\/05\\\/thibault_gonin.jpg\",\"datePublished\":\"2020-10-21T09:54:41+00:00\",\"dateModified\":\"2024-01-17T15:26:15+00:00\",\"description\":\"A propos - Nous sommes Bloom PPM, un cabinet de conseil en informatique lyonnais. Notre travail principal tourne autour des services Planisware.\",\"breadcrumb\":{\"@id\":\"https:\\\/\\\/bloomppm.com\\\/fr\\\/a-propos\\\/#breadcrumb\"},\"inLanguage\":\"fr-FR\",\"potentialAction\":[{\"@type\":\"ReadAction\",\"target\":[\"https:\\\/\\\/bloomppm.com\\\/fr\\\/a-propos\\\/\"]}]},{\"@type\":\"ImageObject\",\"inLanguage\":\"fr-FR\",\"@id\":\"https:\\\/\\\/bloomppm.com\\\/fr\\\/a-propos\\\/#primaryimage\",\"url\":\"http:\\\/\\\/bloomppm.com\\\/wp-content\\\/uploads\\\/2021\\\/05\\\/thibault_gonin.jpg\",\"contentUrl\":\"http:\\\/\\\/bloomppm.com\\\/wp-content\\\/uploads\\\/2021\\\/05\\\/thibault_gonin.jpg\"},{\"@type\":\"BreadcrumbList\",\"@id\":\"https:\\\/\\\/bloomppm.com\\\/fr\\\/a-propos\\\/#breadcrumb\",\"itemListElement\":[{\"@type\":\"ListItem\",\"position\":1,\"name\":\"Home\",\"item\":\"https:\\\/\\\/bloomppm.com\\\/fr\\\/\"},{\"@type\":\"ListItem\",\"position\":2,\"name\":\"A propos\"}]},{\"@type\":\"WebSite\",\"@id\":\"https:\\\/\\\/bloomppm.com\\\/fr\\\/#website\",\"url\":\"https:\\\/\\\/bloomppm.com\\\/fr\\\/\",\"name\":\"BLOOM PPM\",\"description\":\"We make your projects grow\",\"publisher\":{\"@id\":\"https:\\\/\\\/bloomppm.com\\\/fr\\\/#organization\"},\"potentialAction\":[{\"@type\":\"SearchAction\",\"target\":{\"@type\":\"EntryPoint\",\"urlTemplate\":\"https:\\\/\\\/bloomppm.com\\\/fr\\\/?s={search_term_string}\"},\"query-input\":{\"@type\":\"PropertyValueSpecification\",\"valueRequired\":true,\"valueName\":\"search_term_string\"}}],\"inLanguage\":\"fr-FR\"},{\"@type\":\"Organization\",\"@id\":\"https:\\\/\\\/bloomppm.com\\\/fr\\\/#organization\",\"name\":\"Bloom PPM\",\"url\":\"https:\\\/\\\/bloomppm.com\\\/fr\\\/\",\"logo\":{\"@type\":\"ImageObject\",\"inLanguage\":\"fr-FR\",\"@id\":\"https:\\\/\\\/bloomppm.com\\\/fr\\\/#\\\/schema\\\/logo\\\/image\\\/\",\"url\":\"https:\\\/\\\/bloomppm.com\\\/wp-content\\\/uploads\\\/2020\\\/10\\\/Blue_without_background.png\",\"contentUrl\":\"https:\\\/\\\/bloomppm.com\\\/wp-content\\\/uploads\\\/2020\\\/10\\\/Blue_without_background.png\",\"width\":602,\"height\":204,\"caption\":\"Bloom PPM\"},\"image\":{\"@id\":\"https:\\\/\\\/bloomppm.com\\\/fr\\\/#\\\/schema\\\/logo\\\/image\\\/\"},\"sameAs\":[\"https:\\\/\\\/www.linkedin.com\\\/company\\\/bloomppm\\\/\"]}]}<\/script>\n<!-- \/ Yoast SEO Premium plugin. -->","yoast_head_json":{"title":"A propos - BLOOM PPM","description":"A propos - Nous sommes Bloom PPM, un cabinet de conseil en informatique lyonnais. Notre travail principal tourne autour des services Planisware.","robots":{"index":"index","follow":"follow","max-snippet":"max-snippet:-1","max-image-preview":"max-image-preview:large","max-video-preview":"max-video-preview:-1"},"canonical":"https:\/\/bloomppm.com\/fr\/a-propos\/","schema":{"@context":"https:\/\/schema.org","@graph":[{"@type":"WebPage","@id":"https:\/\/bloomppm.com\/fr\/a-propos\/","url":"https:\/\/bloomppm.com\/fr\/a-propos\/","name":"A propos - BLOOM PPM","isPartOf":{"@id":"https:\/\/bloomppm.com\/fr\/#website"},"primaryImageOfPage":{"@id":"https:\/\/bloomppm.com\/fr\/a-propos\/#primaryimage"},"image":{"@id":"https:\/\/bloomppm.com\/fr\/a-propos\/#primaryimage"},"thumbnailUrl":"http:\/\/bloomppm.com\/wp-content\/uploads\/2021\/05\/thibault_gonin.jpg","datePublished":"2020-10-21T09:54:41+00:00","dateModified":"2024-01-17T15:26:15+00:00","description":"A propos - Nous sommes Bloom PPM, un cabinet de conseil en informatique lyonnais. Notre travail principal tourne autour des services Planisware.","breadcrumb":{"@id":"https:\/\/bloomppm.com\/fr\/a-propos\/#breadcrumb"},"inLanguage":"fr-FR","potentialAction":[{"@type":"ReadAction","target":["https:\/\/bloomppm.com\/fr\/a-propos\/"]}]},{"@type":"ImageObject","inLanguage":"fr-FR","@id":"https:\/\/bloomppm.com\/fr\/a-propos\/#primaryimage","url":"http:\/\/bloomppm.com\/wp-content\/uploads\/2021\/05\/thibault_gonin.jpg","contentUrl":"http:\/\/bloomppm.com\/wp-content\/uploads\/2021\/05\/thibault_gonin.jpg"},{"@type":"BreadcrumbList","@id":"https:\/\/bloomppm.com\/fr\/a-propos\/#breadcrumb","itemListElement":[{"@type":"ListItem","position":1,"name":"Home","item":"https:\/\/bloomppm.com\/fr\/"},{"@type":"ListItem","position":2,"name":"A propos"}]},{"@type":"WebSite","@id":"https:\/\/bloomppm.com\/fr\/#website","url":"https:\/\/bloomppm.com\/fr\/","name":"BLOOM PPM","description":"We make your projects grow","publisher":{"@id":"https:\/\/bloomppm.com\/fr\/#organization"},"potentialAction":[{"@type":"SearchAction","target":{"@type":"EntryPoint","urlTemplate":"https:\/\/bloomppm.com\/fr\/?s={search_term_string}"},"query-input":{"@type":"PropertyValueSpecification","valueRequired":true,"valueName":"search_term_string"}}],"inLanguage":"fr-FR"},{"@type":"Organization","@id":"https:\/\/bloomppm.com\/fr\/#organization","name":"Bloom PPM","url":"https:\/\/bloomppm.com\/fr\/","logo":{"@type":"ImageObject","inLanguage":"fr-FR","@id":"https:\/\/bloomppm.com\/fr\/#\/schema\/logo\/image\/","url":"https:\/\/bloomppm.com\/wp-content\/uploads\/2020\/10\/Blue_without_background.png","contentUrl":"https:\/\/bloomppm.com\/wp-content\/uploads\/2020\/10\/Blue_without_background.png","width":602,"height":204,"caption":"Bloom PPM"},"image":{"@id":"https:\/\/bloomppm.com\/fr\/#\/schema\/logo\/image\/"},"sameAs":["https:\/\/www.linkedin.com\/company\/bloomppm\/"]}]}},"_links":{"self":[{"href":"https:\/\/bloomppm.com\/fr\/wp-json\/wp\/v2\/pages\/1151","targetHints":{"allow":["GET"]}}],"collection":[{"href":"https:\/\/bloomppm.com\/fr\/wp-json\/wp\/v2\/pages"}],"about":[{"href":"https:\/\/bloomppm.com\/fr\/wp-json\/wp\/v2\/types\/page"}],"author":[{"embeddable":true,"href":"https:\/\/bloomppm.com\/fr\/wp-json\/wp\/v2\/users\/3"}],"replies":[{"embeddable":true,"href":"https:\/\/bloomppm.com\/fr\/wp-json\/wp\/v2\/comments?post=1151"}],"version-history":[{"count":0,"href":"https:\/\/bloomppm.com\/fr\/wp-json\/wp\/v2\/pages\/1151\/revisions"}],"wp:attachment":[{"href":"https:\/\/bloomppm.com\/fr\/wp-json\/wp\/v2\/media?parent=1151"}],"curies":[{"name":"wp","href":"https:\/\/api.w.org\/{rel}","templated":true}]}}